{"id":614,"date":"2023-10-03T07:52:44","date_gmt":"2023-10-03T07:52:44","guid":{"rendered":"https:\/\/dubrovnikstagdo.com\/?page_id=614"},"modified":"2023-11-28T12:58:36","modified_gmt":"2023-11-28T12:58:36","slug":"come-arrivare-a-dubrovnik","status":"publish","type":"page","link":"https:\/\/dubrovnikstagdo.com\/it\/how-to-get-to-dubrovnik\/","title":{"rendered":"Come raggiungere Dubrovnik"},"content":{"rendered":"<p>Dubrovnik, con i suoi panorami costieri mozzafiato, il centro storico e l'atmosfera vibrante, \u00e8 una delle citt\u00e0 pi\u00f9 belle del mondo.<strong> destinazione top per i viaggiatori<\/strong>. Che siate alla ricerca di un rifugio rilassante o di un weekend di addio al celibato ricco di azione, raggiungere Dubrovnik \u00e8 facile e conveniente. In questa guida <strong>esplorare i vari modi per raggiungere questo magnifico gioiello del Mediterraneo<\/strong>.<\/p>\n\n\n\n<figure class=\"wp-block-image size-large\"><img decoding=\"async\" src=\"https:\/\/dubrovnikstagdo.com\/wp-content\/uploads\/dubrovnik-square-historic-landmark-1024x683.webp\" alt=\"Piazza di Dubrovnik vista sui monumenti storici\" class=\"wp-image-1233\"\/><figcaption class=\"wp-element-caption\">Punto di riferimento storico di Piazza Dubrovnik.<\/figcaption><\/figure>\n\n\n\n<h1 class=\"wp-block-heading\">Volare a Dubrovnik<\/h1>\n\n\n\n<p>Il modo pi\u00f9 efficiente per arrivare a Dubrovnik \u00e8 l'aereo. <strong>Aeroporto di Dubrovnik (DBV)<\/strong>, noto anche come aeroporto di \u010cilipi, offre collegamenti con molte delle principali citt\u00e0 europee e non solo. Compagnie aeree come British Airways, easyJet e Croatian Airlines effettuano voli regolari, per soddisfare sia i viaggiatori economici che quelli di lusso.<\/p>\n\n\n\n<p>All'atterraggio, possiamo <a href=\"https:\/\/dubrovnikstagdo.com\/it\/trasferimenti\/\">organizzare un trasferimento<\/a> dall'aeroporto al vostro alloggio, assicurandovi un inizio senza problemi del vostro addio al celibato.<\/p>\n\n\n\n<h1 class=\"wp-block-heading\">Fate un giro panoramico in traghetto<\/h1>\n\n\n\n<p>Un modo alternativo e panoramico per raggiungere Dubrovnik \u00e8 il traghetto. Questo viaggio \u00e8 particolarmente interessante se si parte da citt\u00e0 costiere o isole vicine. Il traghetto offre un<strong> un'occasione unica per ammirare la splendida costa adriatica,<\/strong> trasformando il vostro viaggio in una pittoresca avventura. Diversi operatori offrono questo servizio, garantendo un viaggio confortevole e piacevole.<\/p>\n\n\n\n<p>Una volta attraccati a Dubrovnik, possiamo incontrarvi al terminal dei traghetti e accompagnarvi direttamente al vostro alloggio.&nbsp;<\/p>\n\n\n\n<p>Il passaggio dal tranquillo viaggio in mare alla vivace atmosfera di Dubrovnik d\u00e0 il tono perfetto per un emozionante weekend di addio al celibato.<\/p>\n\n\n\n<h1 class=\"wp-block-heading\">Viaggiare in autobus a Dubrovnik<\/h1>\n\n\n\n<p>Per chi preferisce viaggiare via terra, gli autobus sono un'opzione pratica. Dubrovnik \u00e8 ben collegata in autobus con servizi regolari dalle principali citt\u00e0 come Zagabria e Spalato. Il viaggio in autobus permette di godere dei paesaggi panoramici della Croazia ed \u00e8 <strong>una scelta economica per i gruppi<\/strong>.<\/p>\n\n\n\n<figure class=\"wp-block-image size-large\"><img decoding=\"async\" src=\"https:\/\/dubrovnikstagdo.com\/wp-content\/uploads\/dubrovnik-at-night-1024x683.webp\" alt=\"Festung Lovrijenac a Dubrovnik nach Sonnenuntergang\" class=\"wp-image-1234\"\/><figcaption class=\"wp-element-caption\">La citt\u00e0 di Dubrovnik al tramonto.<\/figcaption><\/figure>\n\n\n\n<p>Al vostro arrivo alla stazione degli autobus di Dubrovnik, possiamo organizzare il prelievo e il trasferimento al vostro alloggio, assicurandovi un proseguimento senza intoppi del vostro viaggio.<\/p>\n\n\n\n<h1 class=\"wp-block-heading\">Navigazione a Dubrovnik<\/h1>\n\n\n\n<p>Una volta arrivati a Dubrovnik, spostarsi in citt\u00e0 \u00e8 semplice. Potete optare per il noleggio auto, i taxi o il sistema di autobus pubblici. Per un'esperienza senza stress, prendete in considerazione i nostri servizi di trasferimento. In questo modo, potrete evitare la fatica di navigare in una nuova citt\u00e0 e concentrarvi sul vostro addio al celibato.<\/p>\n\n\n\n<p>In conclusione, raggiungere Dubrovnik \u00e8 semplice, con diverse opzioni di viaggio che si adattano alle vostre preferenze e al vostro budget. Sia che arriviate in aereo, via mare o via terra, entrerete in un mondo di fascino storico e festeggiamenti vivaci, pronti a dare il via a un indimenticabile weekend di addio al celibato.<\/p>","protected":false},"excerpt":{"rendered":"<p>Dubrovnik, con i suoi panorami costieri mozzafiato, il centro storico e l'atmosfera vibrante, \u00e8 una destinazione di punta per i viaggiatori. Che siate alla ricerca di un rifugio rilassante o di un weekend di addio al celibato ricco di azione, raggiungere Dubrovnik \u00e8 facile e conveniente. In questa guida esploreremo i vari modi per raggiungere questo magnifico gioiello del Mediterraneo. Volare a Dubrovnik Il volo pi\u00f9 ... <a href=\"https:\/\/dubrovnikstagdo.com\/it\/how-to-get-to-dubrovnik\/\">Continua<\/a><\/p>","protected":false},"author":38,"featured_media":801,"parent":0,"menu_order":0,"comment_status":"closed","ping_status":"closed","template":"","meta":{"_acf_changed":false,"footnotes":""},"class_list":["post-614","page","type-page","status-publish","has-post-thumbnail","hentry"],"acf":{"page_subheading":"Discover the Best Routes to the Stunning Seaside City of Dubrovnik for Your Stag Do. Explore flying into Dubrovnik or taking a ferry ride for an unforgettable trip."},"_links":{"self":[{"href":"https:\/\/dubrovnikstagdo.com\/it\/wp-json\/wp\/v2\/pages\/614","targetHints":{"allow":["GET"]}}],"collection":[{"href":"https:\/\/dubrovnikstagdo.com\/it\/wp-json\/wp\/v2\/pages"}],"about":[{"href":"https:\/\/dubrovnikstagdo.com\/it\/wp-json\/wp\/v2\/types\/page"}],"author":[{"embeddable":true,"href":"https:\/\/dubrovnikstagdo.com\/it\/wp-json\/wp\/v2\/users\/38"}],"replies":[{"embeddable":true,"href":"https:\/\/dubrovnikstagdo.com\/it\/wp-json\/wp\/v2\/comments?post=614"}],"version-history":[{"count":11,"href":"https:\/\/dubrovnikstagdo.com\/it\/wp-json\/wp\/v2\/pages\/614\/revisions"}],"predecessor-version":[{"id":1237,"href":"https:\/\/dubrovnikstagdo.com\/it\/wp-json\/wp\/v2\/pages\/614\/revisions\/1237"}],"wp:featuredmedia":[{"embeddable":true,"href":"https:\/\/dubrovnikstagdo.com\/it\/wp-json\/wp\/v2\/media\/801"}],"wp:attachment":[{"href":"https:\/\/dubrovnikstagdo.com\/it\/wp-json\/wp\/v2\/media?parent=614"}],"curies":[{"name":"wp","href":"https:\/\/api.w.org\/{rel}","templated":true}]}}