{"id":39,"date":"2023-01-16T13:14:25","date_gmt":"2023-01-16T13:14:25","guid":{"rendered":"https:\/\/dubrovnikstagdo.com\/about-us\/"},"modified":"2026-02-24T08:35:04","modified_gmt":"2026-02-24T08:35:04","slug":"chi-siamo","status":"publish","type":"page","link":"https:\/\/dubrovnikstagdo.com\/it\/about-us\/","title":{"rendered":"Chi siamo"},"content":{"rendered":"<p>A Dubrovnik Stag Do, siamo specializzati nel trasformare il vostro weekend di addio al celibato in un viaggio indimenticabile. Sappiamo che pianificare un addio al celibato pu\u00f2 essere scoraggiante, ma con la nostra esperienza e il nostro impegno, siete in ottime mani.<\/p>\n\n\n\n<h2 class=\"wp-block-heading\">Il nostro impegno per un servizio eccellente<\/h2>\n\n\n\n<p>La nostra missione \u00e8 offrire un servizio eccezionale e un'esecuzione impeccabile per il vostro weekend di addio al celibato. Lavoriamo a stretto contatto con voi per creare un itinerario personalizzato che rifletta le preferenze e gli interessi unici del vostro gruppo.<\/p>\n\n\n\n<p>Grazie alla nostra profonda conoscenza di Dubrovnik, vi guidiamo lontano dalle insidie pi\u00f9 comuni per migliorare la vostra esperienza in citt\u00e0. Dalla selezione di alloggi di prima scelta vicino alle principali attrazioni di Dubrovnik alla garanzia che le attivit\u00e0 scelte siano emozionanti e sicure, gestiamo ogni dettaglio con precisione.<\/p>\n\n\n\n<figure class=\"wp-block-image size-large\"><img decoding=\"async\" src=\"https:\/\/dubrovnikstagdo.com\/wp-content\/uploads\/dubrovnik-1024x683.webp\" alt=\"Dubrovnik\" class=\"wp-image-1229\"\/><figcaption class=\"wp-element-caption\">Citt\u00e0 vecchia di Dubrovnik<\/figcaption><\/figure>\n\n\n\n<p>Il nostro obiettivo principale \u00e8 quello di creare un weekend epico pieno di momenti indimenticabili per voi e i vostri amici.<\/p>\n\n\n\n<h2 class=\"wp-block-heading\">La nostra conoscenza della pianificazione dell'addio al celibato<\/h2>\n\n\n\n<p>Dubrovnik Stag Do si \u00e8 costruita una reputazione per l'organizzazione di memorabili weekend di addio al celibato. Capiamo cosa rende straordinaria una festa di addio al celibato e portiamo la stessa energia ed eccitazione a Dubrovnik.<\/p>\n\n\n\n<p>Le nostre soluzioni di prenotazione flessibili rendono l'organizzazione della vostra fuga di addio al celibato priva di stress, permettendovi di concentrarvi sul piacere dell'avventura. Essendo una societ\u00e0 finanziariamente sicura, potete stare tranquilli: i vostri investimenti sono al sicuro con noi.<\/p>\n\n\n\n<p>Siamo orgogliosi di fornire un servizio di alto livello a prezzi competitivi e di mantenere solide relazioni con i nostri partner locali. Questi partner offrono una vasta gamma di esperienze, dall'esplorazione dei siti storici di Dubrovnik all'immersione nella sua dinamica vita notturna.<\/p>\n\n\n\n<h2 class=\"wp-block-heading\">Il nostro approccio attento<\/h2>\n\n\n\n<p>Siamo consapevoli che ogni gruppo di amici \u00e8 unico, ed \u00e8 per questo che personalizziamo il vostro weekend di addio al celibato a Dubrovnik per adattarlo al vostro stile. Ascoltando i vostri desideri e le vostre esigenze, creiamo un'esperienza unica che risuona con il vostro gruppo.<\/p>\n\n\n\n<p>Il nostro team dedicato si occupa di tutta la pianificazione e la logistica, garantendo un'esperienza senza problemi e senza costi nascosti.<\/p>\n\n\n\n<p>Grazie alla nostra costante assistenza, qualsiasi domanda o problema che dovrete affrontare durante il vostro soggiorno a Dubrovnik sar\u00e0 prontamente affrontato. Vi forniamo tutte le informazioni necessarie per immergervi pienamente nello spirito vivace di questa incantevole citt\u00e0.<\/p>\n\n\n\n<h2 class=\"wp-block-heading\">Organizzate l'addio al celibato definitivo con noi!<\/h2>\n\n\n\n<p>Sfruttate la nostra vasta esperienza e le nostre conoscenze locali per evitare gli errori pi\u00f9 comuni, risparmiando tempo e denaro.<\/p>\n\n\n\n<figure class=\"wp-block-image size-large\"><img decoding=\"async\" src=\"https:\/\/dubrovnikstagdo.com\/wp-content\/uploads\/dubrovnik-1-1024x683.webp\" alt=\"Strumento\" class=\"wp-image-1230\"\/><figcaption class=\"wp-element-caption\">Un uomo che suona uno strumento<\/figcaption><\/figure>\n\n\n\n<p>Lasciateci assistere nell'orchestrazione della celebrazione definitiva degli ultimi giorni di celibato. Contattateci oggi stesso per iniziare a pianificare un weekend indimenticabile a Dubrovnik.<\/p>\n\n\n\n<p>Se siete interessati ad altre destinazioni per l'addio al celibato, consultate il nostro elenco qui sotto:<\/p>\n\n\n\n<ul class=\"wp-block-list\">\n<li><a href=\"https:\/\/amsterdam-stag-do.com\/\">Addio al celibato ad Amsterdam<\/a><\/li>\n\n\n\n<li><a href=\"https:\/\/berlin-stag-do.com\/\">Addio al celibato a Berlino<\/a><\/li>\n\n\n\n<li><a href=\"https:\/\/hamburgstagdo.com\/\">Addio al celibato ad Amburgo<\/a><\/li>\n\n\n\n<li><a href=\"https:\/\/hvarstagdo.com\/\">Addio al celibato a Hvar<\/a><\/li>\n\n\n\n<li><a href=\"https:\/\/lisbonstagdo.com\/\">Addio al celibato a Lisbona<\/a><\/li>\n\n\n\n<li><a href=\"https:\/\/munichstagdo.com\/\">Addio al celibato a Monaco<\/a><\/li>\n\n\n\n<li><a href=\"https:\/\/prague-stag-do.com\/\">Addio al celibato a Praga<\/a><\/li>\n\n\n\n<li><a href=\"https:\/\/riga-stag-do.com\/\">Addio al celibato a Riga<\/a><\/li>\n\n\n\n<li><a href=\"https:\/\/stagpartyljubljana.com\/\">Addio al celibato a Lubiana<\/a><\/li>\n\n\n\n<li><a href=\"https:\/\/ibizastagdo.com\">Addio al celibato a Ibiza<\/a><\/li>\n\n\n\n<li><a href=\"https:\/\/benidorm-stag-do.com\/\">Addio al celibato a Benidorm<\/a><\/li>\n\n\n\n<li><a href=\"https:\/\/budapest-stag-do.com\/\">Addio al celibato a Budapest<\/a><\/li>\n\n\n\n<li><a href=\"https:\/\/stagdovegas.com\/\">Addio al celibato a Las Vegas<\/a><\/li>\n\n\n\n<li><a href=\"https:\/\/stagdobarcelona.com\/\">Addio al celibato a Barcellona<\/a><\/li>\n\n\n\n<li><a href=\"https:\/\/stagdozagreb.com\/\">Addio al celibato a Zagabria<\/a><\/li>\n\n\n\n<li><a href=\"https:\/\/splitstagdo.com\/\">Addio al celibato a Spalato<\/a><\/li>\n\n\n\n<li><a href=\"https:\/\/madridstagdo.com\/\">Addio al celibato a Madrid<\/a><\/li>\n\n\n\n<li><a href=\"https:\/\/bucharest-stag-do.com\/\">Addio al celibato a Bucarest<\/a><\/li>\n\n\n\n<li><a href=\"https:\/\/albufeirastagdo.com\/\">Addio al celibato ad Albufeira<\/a><\/li>\n\n\n\n<li><a href=\"https:\/\/dublinstagdo.com\/\">Addio al celibato a Dublino<\/a><\/li>\n\n\n\n<li><a href=\"https:\/\/stagdokrakow.com\/\">Addio al celibato a Cracovia<\/a><\/li>\n<\/ul>","protected":false},"excerpt":{"rendered":"<p>A Dubrovnik Stag Do, siamo specializzati nel trasformare il vostro weekend di addio al celibato in un viaggio indimenticabile. Sappiamo che pianificare un addio al celibato pu\u00f2 essere scoraggiante, ma con la nostra esperienza e il nostro impegno, siete in ottime mani. La nostra promessa di un servizio eccezionale La nostra missione \u00e8 quella di fornire un servizio eccezionale e un'esecuzione impeccabile per il vostro weekend di addio al celibato. Noi ... <a href=\"https:\/\/dubrovnikstagdo.com\/it\/about-us\/\">Continua<\/a><\/p>","protected":false},"author":38,"featured_media":943,"parent":0,"menu_order":0,"comment_status":"closed","ping_status":"closed","template":"","meta":{"_acf_changed":false,"footnotes":""},"class_list":["post-39","page","type-page","status-publish","has-post-thumbnail","hentry"],"acf":{"page_subheading":"Meet the team behind Dubrovnik Stag Do. Experts in crafting unforgettable stag weekends with a personalized touch."},"_links":{"self":[{"href":"https:\/\/dubrovnikstagdo.com\/it\/wp-json\/wp\/v2\/pages\/39","targetHints":{"allow":["GET"]}}],"collection":[{"href":"https:\/\/dubrovnikstagdo.com\/it\/wp-json\/wp\/v2\/pages"}],"about":[{"href":"https:\/\/dubrovnikstagdo.com\/it\/wp-json\/wp\/v2\/types\/page"}],"author":[{"embeddable":true,"href":"https:\/\/dubrovnikstagdo.com\/it\/wp-json\/wp\/v2\/users\/38"}],"replies":[{"embeddable":true,"href":"https:\/\/dubrovnikstagdo.com\/it\/wp-json\/wp\/v2\/comments?post=39"}],"version-history":[{"count":11,"href":"https:\/\/dubrovnikstagdo.com\/it\/wp-json\/wp\/v2\/pages\/39\/revisions"}],"predecessor-version":[{"id":6342,"href":"https:\/\/dubrovnikstagdo.com\/it\/wp-json\/wp\/v2\/pages\/39\/revisions\/6342"}],"wp:featuredmedia":[{"embeddable":true,"href":"https:\/\/dubrovnikstagdo.com\/it\/wp-json\/wp\/v2\/media\/943"}],"wp:attachment":[{"href":"https:\/\/dubrovnikstagdo.com\/it\/wp-json\/wp\/v2\/media?parent=39"}],"curies":[{"name":"wp","href":"https:\/\/api.w.org\/{rel}","templated":true}]}}