{"id":614,"date":"2023-10-03T07:52:44","date_gmt":"2023-10-03T07:52:44","guid":{"rendered":"https:\/\/dubrovnikstagdo.com\/?page_id=614"},"modified":"2023-11-28T12:58:36","modified_gmt":"2023-11-28T12:58:36","slug":"comment-se-rendre-a-dubrovnik","status":"publish","type":"page","link":"https:\/\/dubrovnikstagdo.com\/fr\/how-to-get-to-dubrovnik\/","title":{"rendered":"Comment se rendre \u00e0 Dubrovnik"},"content":{"rendered":"<p>Dubrovnik, avec ses vues c\u00f4ti\u00e8res \u00e0 couper le souffle, sa vieille ville historique et son atmosph\u00e8re anim\u00e9e, est une destination de choix pour les touristes.<strong> destination privil\u00e9gi\u00e9e des voyageurs<\/strong>. Que vous soyez \u00e0 la recherche d'une retraite relaxante ou d'un week-end d'enterrement de vie de gar\u00e7on plein d'action, il est facile et pratique de se rendre \u00e0 Dubrovnik. Dans ce guide, nous allons <strong>explorer les diff\u00e9rents moyens d'acc\u00e9der \u00e0 ce magnifique joyau m\u00e9diterran\u00e9en<\/strong>.<\/p>\n\n\n\n<figure class=\"wp-block-image size-large\"><img decoding=\"async\" src=\"https:\/\/dubrovnikstagdo.com\/wp-content\/uploads\/dubrovnik-square-historic-landmark-1024x683.webp\" alt=\"Vue de la place de Dubrovnik et des monuments historiques\" class=\"wp-image-1233\"\/><figcaption class=\"wp-element-caption\">Place historique de Dubrovnik.<\/figcaption><\/figure>\n\n\n\n<h1 class=\"wp-block-heading\">Vol vers Dubrovnik<\/h1>\n\n\n\n<p>Le moyen le plus efficace d'arriver \u00e0 Dubrovnik est l'avion. <strong>A\u00e9roport de Dubrovnik (DBV)<\/strong>\u00e9galement connu sous le nom d'a\u00e9roport de \u010cilipi, offre des liaisons avec de nombreuses grandes villes d'Europe et d'ailleurs. Des compagnies a\u00e9riennes telles que British Airways, easyJet et Croatian Airlines proposent des vols r\u00e9guliers, destin\u00e9s aussi bien aux voyageurs \u00e0 petit budget qu'aux voyageurs de luxe.<\/p>\n\n\n\n<p>A l'atterrissage, nous pouvons <a href=\"https:\/\/dubrovnikstagdo.com\/fr\/transferts\/\">organiser un transfert<\/a> de l'a\u00e9roport \u00e0 votre h\u00e9bergement, pour un d\u00e9but d'enterrement de vie de gar\u00e7on en toute s\u00e9r\u00e9nit\u00e9.<\/p>\n\n\n\n<h1 class=\"wp-block-heading\">Prendre un ferry pittoresque<\/h1>\n\n\n\n<p>Le ferry est un moyen alternatif et pittoresque de se rendre \u00e0 Dubrovnik. Ce trajet est particuli\u00e8rement int\u00e9ressant si vous venez de villes c\u00f4ti\u00e8res ou d'\u00eeles proches. Le ferry offre une<strong> L'occasion unique de d\u00e9couvrir l'\u00e9poustouflant littoral de l'Adriatique,<\/strong> transformant votre voyage en une aventure pittoresque. Diff\u00e9rents op\u00e9rateurs proposent ce service, garantissant un voyage confortable et agr\u00e9able.<\/p>\n\n\n\n<p>Une fois que vous aurez accost\u00e9 \u00e0 Dubrovnik, nous pourrons vous accueillir au terminal des ferries et vous escorter directement jusqu'\u00e0 votre h\u00e9bergement.&nbsp;<\/p>\n\n\n\n<p>Cette transition entre la tranquillit\u00e9 du voyage en mer et l'ambiance anim\u00e9e de Dubrovnik donne le ton parfait pour un week-end d'enterrement de vie de gar\u00e7on passionnant.<\/p>\n\n\n\n<h1 class=\"wp-block-heading\">Se rendre en bus \u00e0 Dubrovnik<\/h1>\n\n\n\n<p>Pour ceux qui pr\u00e9f\u00e8rent voyager par voie terrestre, le bus est une option pratique. Dubrovnik est bien desservie par les bus, avec des services r\u00e9guliers depuis les grandes villes comme Zagreb et Split. Le voyage en bus vous permet d'appr\u00e9cier les paysages pittoresques de la Croatie. <strong>un choix \u00e9conomique pour les groupes<\/strong>.<\/p>\n\n\n\n<figure class=\"wp-block-image size-large\"><img decoding=\"async\" src=\"https:\/\/dubrovnikstagdo.com\/wp-content\/uploads\/dubrovnik-at-night-1024x683.webp\" alt=\"Festung Lovrijenac in Dubrovnik nach Sonnenuntergang (La forteresse de Lovrijenac \u00e0 Dubrovnik apr\u00e8s le changement de saison)\" class=\"wp-image-1234\"\/><figcaption class=\"wp-element-caption\">La ville de Dubrovnik au coucher du soleil.<\/figcaption><\/figure>\n\n\n\n<p>\u00c0 votre arriv\u00e9e \u00e0 la gare routi\u00e8re de Dubrovnik, nous pouvons organiser votre prise en charge et votre transfert jusqu'\u00e0 votre h\u00e9bergement, afin que votre voyage se poursuive sans encombre.<\/p>\n\n\n\n<h1 class=\"wp-block-heading\">Naviguer \u00e0 Dubrovnik<\/h1>\n\n\n\n<p>Une fois \u00e0 Dubrovnik, il est facile de se d\u00e9placer dans la ville. Vous pouvez opter pour la location de voiture, les taxis ou le syst\u00e8me de bus public. Pour une exp\u00e9rience sans stress, pensez \u00e0 utiliser nos services de transfert. Vous \u00e9viterez ainsi les tracas li\u00e9s \u00e0 la navigation dans une nouvelle ville et pourrez vous concentrer sur votre enterrement de vie de gar\u00e7on.<\/p>\n\n\n\n<p>En conclusion, il est facile de se rendre \u00e0 Dubrovnik, avec diff\u00e9rentes options de voyage pour r\u00e9pondre \u00e0 vos pr\u00e9f\u00e9rences et \u00e0 votre budget. Que vous arriviez par voie a\u00e9rienne, maritime ou terrestre, vous p\u00e9n\u00e9trerez dans un monde de charme historique et de c\u00e9l\u00e9brations anim\u00e9es, pr\u00eat \u00e0 donner le coup d'envoi d'un week-end inoubliable pour les enterrements de vie de gar\u00e7on.<\/p>","protected":false},"excerpt":{"rendered":"<p>Dubrovnik, avec ses vues c\u00f4ti\u00e8res \u00e0 couper le souffle, sa vieille ville historique et son atmosph\u00e8re anim\u00e9e, est une destination de choix pour les voyageurs. Que vous soyez \u00e0 la recherche d'une retraite relaxante ou d'un week-end d'enterrement de vie de gar\u00e7on plein d'action, il est facile et pratique de se rendre \u00e0 Dubrovnik. Dans ce guide, nous allons explorer les diff\u00e9rentes fa\u00e7ons d'atteindre ce magnifique joyau m\u00e9diterran\u00e9en. Prendre l'avion pour Dubrovnik Le moyen le plus ... <a href=\"https:\/\/dubrovnikstagdo.com\/fr\/how-to-get-to-dubrovnik\/\">Suite<\/a><\/p>","protected":false},"author":38,"featured_media":801,"parent":0,"menu_order":0,"comment_status":"closed","ping_status":"closed","template":"","meta":{"_acf_changed":false,"footnotes":""},"class_list":["post-614","page","type-page","status-publish","has-post-thumbnail","hentry"],"acf":{"page_subheading":"Discover the Best Routes to the Stunning Seaside City of Dubrovnik for Your Stag Do. Explore flying into Dubrovnik or taking a ferry ride for an unforgettable trip."},"_links":{"self":[{"href":"https:\/\/dubrovnikstagdo.com\/fr\/wp-json\/wp\/v2\/pages\/614","targetHints":{"allow":["GET"]}}],"collection":[{"href":"https:\/\/dubrovnikstagdo.com\/fr\/wp-json\/wp\/v2\/pages"}],"about":[{"href":"https:\/\/dubrovnikstagdo.com\/fr\/wp-json\/wp\/v2\/types\/page"}],"author":[{"embeddable":true,"href":"https:\/\/dubrovnikstagdo.com\/fr\/wp-json\/wp\/v2\/users\/38"}],"replies":[{"embeddable":true,"href":"https:\/\/dubrovnikstagdo.com\/fr\/wp-json\/wp\/v2\/comments?post=614"}],"version-history":[{"count":11,"href":"https:\/\/dubrovnikstagdo.com\/fr\/wp-json\/wp\/v2\/pages\/614\/revisions"}],"predecessor-version":[{"id":1237,"href":"https:\/\/dubrovnikstagdo.com\/fr\/wp-json\/wp\/v2\/pages\/614\/revisions\/1237"}],"wp:featuredmedia":[{"embeddable":true,"href":"https:\/\/dubrovnikstagdo.com\/fr\/wp-json\/wp\/v2\/media\/801"}],"wp:attachment":[{"href":"https:\/\/dubrovnikstagdo.com\/fr\/wp-json\/wp\/v2\/media?parent=614"}],"curies":[{"name":"wp","href":"https:\/\/api.w.org\/{rel}","templated":true}]}}