{"id":39,"date":"2023-01-16T13:14:25","date_gmt":"2023-01-16T13:14:25","guid":{"rendered":"https:\/\/dubrovnikstagdo.com\/about-us\/"},"modified":"2026-02-24T08:35:04","modified_gmt":"2026-02-24T08:35:04","slug":"a-propos-de-nous","status":"publish","type":"page","link":"https:\/\/dubrovnikstagdo.com\/fr\/about-us\/","title":{"rendered":"\u00c0 propos de nous"},"content":{"rendered":"<p>\u00c0 Dubrovnik Stag Do, nous nous sp\u00e9cialisons dans la transformation de votre week-end d'enterrement de vie de gar\u00e7on en un voyage inoubliable. Nous savons que la planification d'un enterrement de vie de gar\u00e7on peut \u00eatre intimidante, mais gr\u00e2ce \u00e0 notre expertise et \u00e0 notre engagement, vous \u00eates entre d'excellentes mains.<\/p>\n\n\n\n<h2 class=\"wp-block-heading\">Notre promesse d'un service exceptionnel<\/h2>\n\n\n\n<p>Notre mission est de fournir un service exceptionnel et une ex\u00e9cution sans faille pour votre week-end d'enterrement de vie de gar\u00e7on. Nous travaillons en \u00e9troite collaboration avec vous pour cr\u00e9er un itin\u00e9raire personnalis\u00e9 qui refl\u00e8te les pr\u00e9f\u00e9rences et les int\u00e9r\u00eats uniques de votre groupe.<\/p>\n\n\n\n<p>Gr\u00e2ce \u00e0 notre connaissance approfondie de Dubrovnik, nous vous aidons \u00e0 \u00e9viter les pi\u00e8ges les plus courants afin d'am\u00e9liorer votre exp\u00e9rience de la ville. De la s\u00e9lection d'un h\u00e9bergement de choix \u00e0 proximit\u00e9 des principales attractions de Dubrovnik \u00e0 l'assurance que les activit\u00e9s choisies sont \u00e0 la fois passionnantes et s\u00fbres, nous nous occupons de chaque d\u00e9tail avec pr\u00e9cision.<\/p>\n\n\n\n<figure class=\"wp-block-image size-large\"><img decoding=\"async\" src=\"https:\/\/dubrovnikstagdo.com\/wp-content\/uploads\/dubrovnik-1024x683.webp\" alt=\"Dubrovnik\" class=\"wp-image-1229\"\/><figcaption class=\"wp-element-caption\">Vieille ville de Dubrovnik<\/figcaption><\/figure>\n\n\n\n<p>Notre objectif principal est de cr\u00e9er un week-end \u00e9pique rempli de moments inoubliables pour vous et vos amis.<\/p>\n\n\n\n<h2 class=\"wp-block-heading\">Nos connaissances en mati\u00e8re d'organisation d'enterrement de vie de gar\u00e7on<\/h2>\n\n\n\n<p>Dubrovnik Stag Do s'est forg\u00e9 une r\u00e9putation dans l'organisation de week-ends m\u00e9morables pour les enterrements de vie de gar\u00e7on. Nous comprenons ce qui rend un enterrement de vie de gar\u00e7on extraordinaire et nous apportons la m\u00eame \u00e9nergie et le m\u00eame enthousiasme \u00e0 Dubrovnik.<\/p>\n\n\n\n<p>Gr\u00e2ce \u00e0 nos solutions de r\u00e9servation flexibles, l'organisation de votre escapade de c\u00e9libataire se fait sans stress, ce qui vous permet de vous concentrer sur le plaisir de l'aventure. En tant qu'entreprise financi\u00e8rement solide, vous pouvez \u00eatre assur\u00e9 que vos investissements sont en s\u00e9curit\u00e9 chez nous.<\/p>\n\n\n\n<p>Nous sommes fiers de fournir un service de premier ordre \u00e0 des prix comp\u00e9titifs et d'entretenir des relations \u00e9troites avec nos partenaires locaux. Ces partenaires proposent une gamme vari\u00e9e d'exp\u00e9riences, allant de l'exploration des sites historiques de Dubrovnik \u00e0 la plong\u00e9e dans sa vie nocturne dynamique.<\/p>\n\n\n\n<h2 class=\"wp-block-heading\">Notre approche attentive<\/h2>\n\n\n\n<p>Nous savons que chaque groupe d'amis est unique, c'est pourquoi nous personnalisons votre week-end d'enterrement de vie de gar\u00e7on \u00e0 Dubrovnik pour qu'il corresponde \u00e0 votre style. En \u00e9coutant vos souhaits et vos exigences, nous cr\u00e9ons une exp\u00e9rience unique qui r\u00e9sonne avec votre groupe.<\/p>\n\n\n\n<p>Notre \u00e9quipe d\u00e9vou\u00e9e s'occupe de toute la planification et de la logistique, garantissant une exp\u00e9rience sans tracas et sans co\u00fbts cach\u00e9s.<\/p>\n\n\n\n<p>Gr\u00e2ce \u00e0 notre soutien permanent, toutes les questions ou probl\u00e8mes que vous rencontrerez pendant votre s\u00e9jour \u00e0 Dubrovnik seront trait\u00e9s rapidement. Nous vous fournissons toutes les informations n\u00e9cessaires pour que vous puissiez profiter pleinement de l'esprit vivant de cette ville enchanteresse.<\/p>\n\n\n\n<h2 class=\"wp-block-heading\">Organisez le meilleur enterrement de vie de gar\u00e7on avec nous !<\/h2>\n\n\n\n<p>Tirez parti de notre vaste expertise et de notre connaissance du terrain pour \u00e9viter les erreurs les plus courantes et \u00e9conomiser ainsi du temps et de l'argent.<\/p>\n\n\n\n<figure class=\"wp-block-image size-large\"><img decoding=\"async\" src=\"https:\/\/dubrovnikstagdo.com\/wp-content\/uploads\/dubrovnik-1-1024x683.webp\" alt=\"Instrument\" class=\"wp-image-1230\"\/><figcaption class=\"wp-element-caption\">Un homme jouant d'un instrument<\/figcaption><\/figure>\n\n\n\n<p>Laissez-nous vous aider \u00e0 orchestrer la c\u00e9l\u00e9bration ultime des derniers jours de c\u00e9libat du cerf. Contactez-nous d\u00e8s aujourd'hui pour commencer \u00e0 planifier un week-end inoubliable \u00e0 Dubrovnik.<\/p>\n\n\n\n<p>Si vous \u00eates int\u00e9ress\u00e9 par d'autres destinations pour les enterrements de vie de gar\u00e7on, consultez notre liste ci-dessous :<\/p>\n\n\n\n<ul class=\"wp-block-list\">\n<li><a href=\"https:\/\/amsterdam-stag-do.com\/\">Enterrement de vie de gar\u00e7on \u00e0 Amsterdam<\/a><\/li>\n\n\n\n<li><a href=\"https:\/\/berlin-stag-do.com\/\">Enterrement de vie de gar\u00e7on \u00e0 Berlin<\/a><\/li>\n\n\n\n<li><a href=\"https:\/\/hamburgstagdo.com\/\">Enterrement de vie de gar\u00e7on \u00e0 Hambourg<\/a><\/li>\n\n\n\n<li><a href=\"https:\/\/hvarstagdo.com\/\">Enterrement de vie de gar\u00e7on \u00e0 Hvar<\/a><\/li>\n\n\n\n<li><a href=\"https:\/\/lisbonstagdo.com\/\">Enterrement de vie de gar\u00e7on \u00e0 Lisbonne<\/a><\/li>\n\n\n\n<li><a href=\"https:\/\/munichstagdo.com\/\">Enterrement de vie de gar\u00e7on \u00e0 Munich<\/a><\/li>\n\n\n\n<li><a href=\"https:\/\/prague-stag-do.com\/\">Enterrement de vie de gar\u00e7on \u00e0 Prague<\/a><\/li>\n\n\n\n<li><a href=\"https:\/\/riga-stag-do.com\/\">Enterrement de vie de gar\u00e7on \u00e0 Riga<\/a><\/li>\n\n\n\n<li><a href=\"https:\/\/stagpartyljubljana.com\/\">Enterrement de vie de gar\u00e7on Ljubljana<\/a><\/li>\n\n\n\n<li><a href=\"https:\/\/ibizastagdo.com\">Enterrement de vie de gar\u00e7on \u00e0 Ibiza<\/a><\/li>\n\n\n\n<li><a href=\"https:\/\/benidorm-stag-do.com\/\">Enterrement de vie de gar\u00e7on \u00e0 Benidorm<\/a><\/li>\n\n\n\n<li><a href=\"https:\/\/budapest-stag-do.com\/\">Enterrement de vie de gar\u00e7on \u00e0 Budapest<\/a><\/li>\n\n\n\n<li><a href=\"https:\/\/stagdovegas.com\/\">Enterrement de vie de gar\u00e7on \u00e0 Vegas<\/a><\/li>\n\n\n\n<li><a href=\"https:\/\/stagdobarcelona.com\/\">Enterrement de vie de gar\u00e7on \u00e0 Barcelone<\/a><\/li>\n\n\n\n<li><a href=\"https:\/\/stagdozagreb.com\/\">Enterrement de vie de gar\u00e7on \u00e0 Zagreb<\/a><\/li>\n\n\n\n<li><a href=\"https:\/\/splitstagdo.com\/\">Enterrement de vie de gar\u00e7on \u00e0 Split<\/a><\/li>\n\n\n\n<li><a href=\"https:\/\/madridstagdo.com\/\">Enterrement de vie de gar\u00e7on \u00e0 Madrid<\/a><\/li>\n\n\n\n<li><a href=\"https:\/\/bucharest-stag-do.com\/\">Enterrement de vie de gar\u00e7on \u00e0 Bucarest<\/a><\/li>\n\n\n\n<li><a href=\"https:\/\/albufeirastagdo.com\/\">Enterrement de vie de gar\u00e7on \u00e0 Albufeira<\/a><\/li>\n\n\n\n<li><a href=\"https:\/\/dublinstagdo.com\/\">Enterrement de vie de gar\u00e7on \u00e0 Dublin<\/a><\/li>\n\n\n\n<li><a href=\"https:\/\/stagdokrakow.com\/\">Enterrement de vie de gar\u00e7on \u00e0 Cracovie<\/a><\/li>\n<\/ul>","protected":false},"excerpt":{"rendered":"<p>\u00c0 Dubrovnik Stag Do, nous nous sp\u00e9cialisons dans la transformation de votre week-end d'enterrement de vie de gar\u00e7on en un voyage inoubliable. Nous savons que la planification d'un enterrement de vie de gar\u00e7on peut \u00eatre intimidante, mais gr\u00e2ce \u00e0 notre expertise et \u00e0 notre engagement, vous \u00eates entre d'excellentes mains. Notre promesse d'un service exceptionnel Notre mission est de fournir un service exceptionnel et une ex\u00e9cution sans faille pour votre week-end d'enterrement de vie de gar\u00e7on. Nous ... <a href=\"https:\/\/dubrovnikstagdo.com\/fr\/about-us\/\">Suite<\/a><\/p>","protected":false},"author":38,"featured_media":943,"parent":0,"menu_order":0,"comment_status":"closed","ping_status":"closed","template":"","meta":{"_acf_changed":false,"footnotes":""},"class_list":["post-39","page","type-page","status-publish","has-post-thumbnail","hentry"],"acf":{"page_subheading":"Meet the team behind Dubrovnik Stag Do. Experts in crafting unforgettable stag weekends with a personalized touch."},"_links":{"self":[{"href":"https:\/\/dubrovnikstagdo.com\/fr\/wp-json\/wp\/v2\/pages\/39","targetHints":{"allow":["GET"]}}],"collection":[{"href":"https:\/\/dubrovnikstagdo.com\/fr\/wp-json\/wp\/v2\/pages"}],"about":[{"href":"https:\/\/dubrovnikstagdo.com\/fr\/wp-json\/wp\/v2\/types\/page"}],"author":[{"embeddable":true,"href":"https:\/\/dubrovnikstagdo.com\/fr\/wp-json\/wp\/v2\/users\/38"}],"replies":[{"embeddable":true,"href":"https:\/\/dubrovnikstagdo.com\/fr\/wp-json\/wp\/v2\/comments?post=39"}],"version-history":[{"count":11,"href":"https:\/\/dubrovnikstagdo.com\/fr\/wp-json\/wp\/v2\/pages\/39\/revisions"}],"predecessor-version":[{"id":6342,"href":"https:\/\/dubrovnikstagdo.com\/fr\/wp-json\/wp\/v2\/pages\/39\/revisions\/6342"}],"wp:featuredmedia":[{"embeddable":true,"href":"https:\/\/dubrovnikstagdo.com\/fr\/wp-json\/wp\/v2\/media\/943"}],"wp:attachment":[{"href":"https:\/\/dubrovnikstagdo.com\/fr\/wp-json\/wp\/v2\/media?parent=39"}],"curies":[{"name":"wp","href":"https:\/\/api.w.org\/{rel}","templated":true}]}}