{"id":614,"date":"2023-10-03T07:52:44","date_gmt":"2023-10-03T07:52:44","guid":{"rendered":"https:\/\/dubrovnikstagdo.com\/?page_id=614"},"modified":"2023-11-28T12:58:36","modified_gmt":"2023-11-28T12:58:36","slug":"como-llegar-a-dubrovnik","status":"publish","type":"page","link":"https:\/\/dubrovnikstagdo.com\/es\/how-to-get-to-dubrovnik\/","title":{"rendered":"C\u00f3mo llegar a Dubrovnik"},"content":{"rendered":"<p>Dubrovnik, con sus impresionantes vistas de la costa, su casco antiguo hist\u00f3rico y su ambiente vibrante, es un lugar ideal para vivir.<strong> destino preferido por los viajeros<\/strong>. Tanto si busca un retiro relajante como una despedida de soltero llena de acci\u00f3n, llegar a Dubrovnik es f\u00e1cil y c\u00f3modo. En esta gu\u00eda <strong>explore las distintas formas de llegar a esta magn\u00edfica joya mediterr\u00e1nea<\/strong>.<\/p>\n\n\n\n<figure class=\"wp-block-image size-large\"><img decoding=\"async\" src=\"https:\/\/dubrovnikstagdo.com\/wp-content\/uploads\/dubrovnik-square-historic-landmark-1024x683.webp\" alt=\"Vista de los monumentos hist\u00f3ricos de la plaza de Dubrovnik\" class=\"wp-image-1233\"\/><figcaption class=\"wp-element-caption\">Hito hist\u00f3rico de la plaza de Dubrovnik.<\/figcaption><\/figure>\n\n\n\n<h1 class=\"wp-block-heading\">Volar a Dubrovnik<\/h1>\n\n\n\n<p>La forma m\u00e1s eficaz de llegar a Dubrovnik es el avi\u00f3n. <strong>Aeropuerto de Dubrovnik (DBV)<\/strong>El aeropuerto de \u010cilipi, tambi\u00e9n conocido como Aeropuerto de \u010cilipi, ofrece conexiones con muchas ciudades importantes de Europa y otros continentes. Aerol\u00edneas como British Airways, easyJet y Croatian Airlines ofrecen vuelos regulares, tanto para viajeros de bajo presupuesto como de lujo.<\/p>\n\n\n\n<p>Al aterrizar, podemos <a href=\"https:\/\/dubrovnikstagdo.com\/es\/transferencias\/\">organizar un traslado<\/a> desde el aeropuerto hasta su alojamiento, para que su despedida de soltero comience sin complicaciones.<\/p>\n\n\n\n<h1 class=\"wp-block-heading\">Un viaje panor\u00e1mico en ferry<\/h1>\n\n\n\n<p>Una forma alternativa y pintoresca de llegar a Dubrovnik es en ferry. Este trayecto resulta especialmente atractivo si se viaja desde ciudades costeras o islas cercanas. El ferry ofrece una<strong> oportunidad \u00fanica de contemplar la impresionante costa adri\u00e1tica,<\/strong> convirtiendo su viaje en una pintoresca aventura. Varios operadores prestan este servicio, garantizando un viaje c\u00f3modo y agradable.<\/p>\n\n\n\n<p>Una vez que atraque en Dubrovnik, podemos esperarle en la terminal del ferry y acompa\u00f1arle directamente a su alojamiento.&nbsp;<\/p>\n\n\n\n<p>Esta transici\u00f3n del tranquilo viaje por mar al animado ambiente de Dubrovnik marca el tono perfecto para un emocionante fin de semana de despedida de soltero.<\/p>\n\n\n\n<h1 class=\"wp-block-heading\">Viajar en autob\u00fas a Dubrovnik<\/h1>\n\n\n\n<p>Para quienes prefieran viajar por tierra, los autobuses son una opci\u00f3n pr\u00e1ctica. Dubrovnik est\u00e1 bien comunicada por autob\u00fas, con servicios regulares desde ciudades importantes como Zagreb y Split. El viaje en autob\u00fas permite disfrutar de los paisajes esc\u00e9nicos de Croacia y es <strong>una opci\u00f3n econ\u00f3mica para grupos<\/strong>.<\/p>\n\n\n\n<figure class=\"wp-block-image size-large\"><img decoding=\"async\" src=\"https:\/\/dubrovnikstagdo.com\/wp-content\/uploads\/dubrovnik-at-night-1024x683.webp\" alt=\"Festung Lovrijenac in Dubrovnik nach Sonnenuntergang\" class=\"wp-image-1234\"\/><figcaption class=\"wp-element-caption\">La ciudad de Dubrovnik al atardecer.<\/figcaption><\/figure>\n\n\n\n<p>A su llegada a la estaci\u00f3n de autobuses de Dubrovnik, podemos organizar la recogida y el traslado a su alojamiento, garantiz\u00e1ndole una continuaci\u00f3n del viaje sin contratiempos.<\/p>\n\n\n\n<h1 class=\"wp-block-heading\">Navegar por Dubrovnik<\/h1>\n\n\n\n<p>Una vez en Dubrovnik, desplazarse por la ciudad es sencillo. Puede optar por el alquiler de coches, los taxis o el sistema p\u00fablico de autobuses. Para una experiencia sin estr\u00e9s, considere la posibilidad de utilizar nuestros servicios de traslado. De este modo, podr\u00e1 evitar las molestias de navegar por una ciudad nueva y centrarse en disfrutar al m\u00e1ximo de su despedida de soltero.<\/p>\n\n\n\n<p>En conclusi\u00f3n, llegar a Dubrovnik es sencillo, con varias opciones de viaje que se adaptan a sus preferencias y presupuesto. Tanto si llega por aire, mar o tierra, se adentrar\u00e1 en un mundo de encanto hist\u00f3rico y animadas celebraciones, listo para dar el pistoletazo de salida a un fin de semana de despedida de soltero inolvidable.<\/p>","protected":false},"excerpt":{"rendered":"<p>Dubrovnik, con sus impresionantes vistas de la costa, su casco antiguo hist\u00f3rico y su ambiente vibrante, es uno de los principales destinos para los viajeros. Tanto si busca un retiro relajante como una despedida de soltero llena de acci\u00f3n, llegar a Dubrovnik es f\u00e1cil y c\u00f3modo. En esta gu\u00eda, exploraremos las distintas formas de llegar a esta magn\u00edfica joya del Mediterr\u00e1neo. Volar a Dubrovnik La forma m\u00e1s ... <a href=\"https:\/\/dubrovnikstagdo.com\/es\/how-to-get-to-dubrovnik\/\">Contin\u00faa en<\/a><\/p>","protected":false},"author":38,"featured_media":801,"parent":0,"menu_order":0,"comment_status":"closed","ping_status":"closed","template":"","meta":{"_acf_changed":false,"footnotes":""},"class_list":["post-614","page","type-page","status-publish","has-post-thumbnail","hentry"],"acf":{"page_subheading":"Discover the Best Routes to the Stunning Seaside City of Dubrovnik for Your Stag Do. Explore flying into Dubrovnik or taking a ferry ride for an unforgettable trip."},"_links":{"self":[{"href":"https:\/\/dubrovnikstagdo.com\/es\/wp-json\/wp\/v2\/pages\/614","targetHints":{"allow":["GET"]}}],"collection":[{"href":"https:\/\/dubrovnikstagdo.com\/es\/wp-json\/wp\/v2\/pages"}],"about":[{"href":"https:\/\/dubrovnikstagdo.com\/es\/wp-json\/wp\/v2\/types\/page"}],"author":[{"embeddable":true,"href":"https:\/\/dubrovnikstagdo.com\/es\/wp-json\/wp\/v2\/users\/38"}],"replies":[{"embeddable":true,"href":"https:\/\/dubrovnikstagdo.com\/es\/wp-json\/wp\/v2\/comments?post=614"}],"version-history":[{"count":11,"href":"https:\/\/dubrovnikstagdo.com\/es\/wp-json\/wp\/v2\/pages\/614\/revisions"}],"predecessor-version":[{"id":1237,"href":"https:\/\/dubrovnikstagdo.com\/es\/wp-json\/wp\/v2\/pages\/614\/revisions\/1237"}],"wp:featuredmedia":[{"embeddable":true,"href":"https:\/\/dubrovnikstagdo.com\/es\/wp-json\/wp\/v2\/media\/801"}],"wp:attachment":[{"href":"https:\/\/dubrovnikstagdo.com\/es\/wp-json\/wp\/v2\/media?parent=614"}],"curies":[{"name":"wp","href":"https:\/\/api.w.org\/{rel}","templated":true}]}}