{"id":39,"date":"2023-01-16T13:14:25","date_gmt":"2023-01-16T13:14:25","guid":{"rendered":"https:\/\/dubrovnikstagdo.com\/about-us\/"},"modified":"2026-02-24T08:35:04","modified_gmt":"2026-02-24T08:35:04","slug":"acerca-de-nosotros","status":"publish","type":"page","link":"https:\/\/dubrovnikstagdo.com\/es\/about-us\/","title":{"rendered":"Qui\u00e9nes somos"},"content":{"rendered":"<p>En Dubrovnik Stag Do somos especialistas en convertir su despedida de soltero en un viaje inolvidable. Sabemos que planificar una despedida de soltero puede ser desalentador, pero con nuestra experiencia y compromiso, est\u00e1s en excelentes manos.<\/p>\n\n\n\n<h2 class=\"wp-block-heading\">Nuestro compromiso de servicio excepcional<\/h2>\n\n\n\n<p>Nuestra misi\u00f3n es ofrecer un servicio excepcional y una ejecuci\u00f3n impecable para su despedida de soltero. Trabajamos estrechamente con usted para crear un itinerario personalizado que refleje las preferencias e intereses \u00fanicos de su grupo.<\/p>\n\n\n\n<p>Gracias a nuestro profundo conocimiento de Dubrovnik, le guiaremos para que no caiga en los errores m\u00e1s comunes y mejore su experiencia en la ciudad. Nos encargamos de todos los detalles, desde la selecci\u00f3n de los mejores alojamientos cerca de las principales atracciones de Dubrovnik hasta garantizar que las actividades que elija sean emocionantes y seguras.<\/p>\n\n\n\n<figure class=\"wp-block-image size-large\"><img decoding=\"async\" src=\"https:\/\/dubrovnikstagdo.com\/wp-content\/uploads\/dubrovnik-1024x683.webp\" alt=\"Dubrovnik\" class=\"wp-image-1229\"\/><figcaption class=\"wp-element-caption\">Casco antiguo de Dubrovnik<\/figcaption><\/figure>\n\n\n\n<p>Nuestro principal objetivo es crear un fin de semana \u00e9pico lleno de momentos inolvidables para ti y tus amigos.<\/p>\n\n\n\n<h2 class=\"wp-block-heading\">Nuestros conocimientos en planificaci\u00f3n de despedidas de soltero<\/h2>\n\n\n\n<p>Dubrovnik Stag Do se ha forjado una reputaci\u00f3n por organizar despedidas de soltero memorables. Entendemos lo que hace que una despedida de soltero sea extraordinaria y llevamos esa misma energ\u00eda y emoci\u00f3n a Dubrovnik.<\/p>\n\n\n\n<p>Nuestras flexibles soluciones de reserva hacen que la organizaci\u00f3n de su escapada de despedida de soltero no le suponga ning\u00fan estr\u00e9s, permiti\u00e9ndole centrarse en disfrutar de la aventura. Como empresa financieramente segura, puede estar seguro de que sus inversiones est\u00e1n a salvo con nosotros.<\/p>\n\n\n\n<p>Nos enorgullecemos de ofrecer un servicio de primera a precios competitivos y de mantener s\u00f3lidas relaciones con nuestros socios locales. Estos socios ofrecen una amplia gama de experiencias, desde explorar los lugares hist\u00f3ricos de Dubrovnik hasta sumergirse en su din\u00e1mica vida nocturna.<\/p>\n\n\n\n<h2 class=\"wp-block-heading\">Nuestro enfoque atento<\/h2>\n\n\n\n<p>Reconocemos que cada grupo de amigos es \u00fanico, por lo que personalizamos su despedida de soltero en Dubrovnik para adaptarla a su estilo. Al escuchar sus deseos y necesidades, creamos una experiencia \u00fanica que resuena con su grupo.<\/p>\n\n\n\n<p>Nuestro equipo especializado se encarga de toda la planificaci\u00f3n y log\u00edstica, garantizando una experiencia sin complicaciones ni costes ocultos.<\/p>\n\n\n\n<p>Con nuestro apoyo permanente, cualquier pregunta o problema que le surja durante su estancia en Dubrovnik ser\u00e1 atendida con prontitud. Le proporcionamos toda la informaci\u00f3n necesaria para que se sumerja en el animado esp\u00edritu de esta encantadora ciudad.<\/p>\n\n\n\n<h2 class=\"wp-block-heading\">Planifique la despedida de soltero definitiva con nosotros<\/h2>\n\n\n\n<p>Aproveche nuestra amplia experiencia y conocimientos locales para evitar los errores m\u00e1s comunes y ahorrar tiempo y dinero.<\/p>\n\n\n\n<figure class=\"wp-block-image size-large\"><img decoding=\"async\" src=\"https:\/\/dubrovnikstagdo.com\/wp-content\/uploads\/dubrovnik-1-1024x683.webp\" alt=\"Instrumento\" class=\"wp-image-1230\"\/><figcaption class=\"wp-element-caption\">Un hombre tocando un instrumento<\/figcaption><\/figure>\n\n\n\n<p>Perm\u00edtanos ayudarle a organizar la celebraci\u00f3n definitiva de los \u00faltimos d\u00edas de solter\u00eda del soltero. P\u00f3ngase en contacto con nosotros hoy mismo para empezar a planificar un fin de semana inolvidable en Dubrovnik.<\/p>\n\n\n\n<p>Si le interesan otros destinos para despedidas de soltero, consulte nuestra lista a continuaci\u00f3n:<\/p>\n\n\n\n<ul class=\"wp-block-list\">\n<li><a href=\"https:\/\/amsterdam-stag-do.com\/\">Despedida de soltero en \u00c1msterdam<\/a><\/li>\n\n\n\n<li><a href=\"https:\/\/berlin-stag-do.com\/\">Despedida de soltero en Berl\u00edn<\/a><\/li>\n\n\n\n<li><a href=\"https:\/\/hamburgstagdo.com\/\">Despedida de soltero en Hamburgo<\/a><\/li>\n\n\n\n<li><a href=\"https:\/\/hvarstagdo.com\/\">Despedida de soltero en Hvar<\/a><\/li>\n\n\n\n<li><a href=\"https:\/\/lisbonstagdo.com\/\">Despedida de soltero en Lisboa<\/a><\/li>\n\n\n\n<li><a href=\"https:\/\/munichstagdo.com\/\">Despedida de soltero en M\u00fanich<\/a><\/li>\n\n\n\n<li><a href=\"https:\/\/prague-stag-do.com\/\">Despedida de soltero en Praga<\/a><\/li>\n\n\n\n<li><a href=\"https:\/\/riga-stag-do.com\/\">Despedida de soltero en Riga<\/a><\/li>\n\n\n\n<li><a href=\"https:\/\/stagpartyljubljana.com\/\">Despedida de soltero Liubliana<\/a><\/li>\n\n\n\n<li><a href=\"https:\/\/ibizastagdo.com\">Despedida de soltero en Ibiza<\/a><\/li>\n\n\n\n<li><a href=\"https:\/\/benidorm-stag-do.com\/\">Benidorm Despedida de soltero<\/a><\/li>\n\n\n\n<li><a href=\"https:\/\/budapest-stag-do.com\/\">Despedida de soltero en Budapest<\/a><\/li>\n\n\n\n<li><a href=\"https:\/\/stagdovegas.com\/\">Despedida de soltero en Las Vegas<\/a><\/li>\n\n\n\n<li><a href=\"https:\/\/stagdobarcelona.com\/\">Despedida de soltero Barcelona<\/a><\/li>\n\n\n\n<li><a href=\"https:\/\/stagdozagreb.com\/\">Despedida de soltero Zagreb<\/a><\/li>\n\n\n\n<li><a href=\"https:\/\/splitstagdo.com\/\">Despedida de soltero en Split<\/a><\/li>\n\n\n\n<li><a href=\"https:\/\/madridstagdo.com\/\">Despedida de soltero en Madrid<\/a><\/li>\n\n\n\n<li><a href=\"https:\/\/bucharest-stag-do.com\/\">Despedida de soltero en Bucarest<\/a><\/li>\n\n\n\n<li><a href=\"https:\/\/albufeirastagdo.com\/\">Despedida de soltero en Albufeira<\/a><\/li>\n\n\n\n<li><a href=\"https:\/\/dublinstagdo.com\/\">Despedida de soltero en Dubl\u00edn<\/a><\/li>\n\n\n\n<li><a href=\"https:\/\/stagdokrakow.com\/\">Despedida de soltero en Cracovia<\/a><\/li>\n<\/ul>","protected":false},"excerpt":{"rendered":"<p>En Dubrovnik Stag Do somos especialistas en convertir su despedida de soltero en un viaje inolvidable. Sabemos que la planificaci\u00f3n de una despedida de soltero puede ser desalentadora, pero con nuestra experiencia y compromiso, estar\u00e1 en excelentes manos. Nuestra promesa de un servicio excepcional Nuestra misi\u00f3n es ofrecer un servicio excepcional y una ejecuci\u00f3n impecable para su despedida de soltero. Nosotros ... <a href=\"https:\/\/dubrovnikstagdo.com\/es\/about-us\/\">Contin\u00faa en<\/a><\/p>","protected":false},"author":38,"featured_media":943,"parent":0,"menu_order":0,"comment_status":"closed","ping_status":"closed","template":"","meta":{"_acf_changed":false,"footnotes":""},"class_list":["post-39","page","type-page","status-publish","has-post-thumbnail","hentry"],"acf":{"page_subheading":"Meet the team behind Dubrovnik Stag Do. Experts in crafting unforgettable stag weekends with a personalized touch."},"_links":{"self":[{"href":"https:\/\/dubrovnikstagdo.com\/es\/wp-json\/wp\/v2\/pages\/39","targetHints":{"allow":["GET"]}}],"collection":[{"href":"https:\/\/dubrovnikstagdo.com\/es\/wp-json\/wp\/v2\/pages"}],"about":[{"href":"https:\/\/dubrovnikstagdo.com\/es\/wp-json\/wp\/v2\/types\/page"}],"author":[{"embeddable":true,"href":"https:\/\/dubrovnikstagdo.com\/es\/wp-json\/wp\/v2\/users\/38"}],"replies":[{"embeddable":true,"href":"https:\/\/dubrovnikstagdo.com\/es\/wp-json\/wp\/v2\/comments?post=39"}],"version-history":[{"count":11,"href":"https:\/\/dubrovnikstagdo.com\/es\/wp-json\/wp\/v2\/pages\/39\/revisions"}],"predecessor-version":[{"id":6342,"href":"https:\/\/dubrovnikstagdo.com\/es\/wp-json\/wp\/v2\/pages\/39\/revisions\/6342"}],"wp:featuredmedia":[{"embeddable":true,"href":"https:\/\/dubrovnikstagdo.com\/es\/wp-json\/wp\/v2\/media\/943"}],"wp:attachment":[{"href":"https:\/\/dubrovnikstagdo.com\/es\/wp-json\/wp\/v2\/media?parent=39"}],"curies":[{"name":"wp","href":"https:\/\/api.w.org\/{rel}","templated":true}]}}