{"id":614,"date":"2023-10-03T07:52:44","date_gmt":"2023-10-03T07:52:44","guid":{"rendered":"https:\/\/dubrovnikstagdo.com\/?page_id=614"},"modified":"2023-11-28T12:58:36","modified_gmt":"2023-11-28T12:58:36","slug":"wie-man-nach-dubrovnik-kommt","status":"publish","type":"page","link":"https:\/\/dubrovnikstagdo.com\/de\/how-to-get-to-dubrovnik\/","title":{"rendered":"Wie man nach Dubrovnik kommt"},"content":{"rendered":"<p>Dubrovnik ist mit seinem atemberaubenden K\u00fcstenblick, der historischen Altstadt und der lebendigen Atmosph\u00e4re ein<strong> Top-Ziel f\u00fcr Reisende<\/strong>. Egal, ob Sie einen entspannenden R\u00fcckzugsort oder ein actionreiches Junggesellenwochenende suchen, die Anreise nach Dubrovnik ist einfach und bequem. In diesem Leitfaden werden wir <strong>erkunden Sie die verschiedenen M\u00f6glichkeiten, dieses herrliche mediterrane Juwel zu erreichen<\/strong>.<\/p>\n\n\n\n<figure class=\"wp-block-image size-large\"><img decoding=\"async\" src=\"https:\/\/dubrovnikstagdo.com\/wp-content\/uploads\/dubrovnik-square-historic-landmark-1024x683.webp\" alt=\"Dubrovnik Platz historische Wahrzeichen Blick\" class=\"wp-image-1233\"\/><figcaption class=\"wp-element-caption\">Das historische Wahrzeichen des Dubrovnik-Platzes.<\/figcaption><\/figure>\n\n\n\n<h1 class=\"wp-block-heading\">Fliegen nach Dubrovnik<\/h1>\n\n\n\n<p>Die effizienteste Art, Dubrovnik zu erreichen, ist mit dem Flugzeug. <strong>Dubrovnik Flughafen (DBV)<\/strong>der auch als Flughafen \u010cilipi bekannt ist, bietet Verbindungen zu vielen gro\u00dfen St\u00e4dten in Europa und dar\u00fcber hinaus. Fluggesellschaften wie British Airways, easyJet und Croatian Airlines bieten regelm\u00e4\u00dfige Fl\u00fcge an, die sowohl f\u00fcr Billig- als auch f\u00fcr Luxusreisende geeignet sind.<\/p>\n\n\n\n<p>Bei der Landung k\u00f6nnen wir <a href=\"https:\/\/dubrovnikstagdo.com\/de\/uberweisungen\/\">einen Transfer vereinbaren<\/a> vom Flughafen zu Ihrer Unterkunft, damit Ihr Junggesellenabschied stressfrei beginnt.<\/p>\n\n\n\n<h1 class=\"wp-block-heading\">Machen Sie eine malerische F\u00e4hrfahrt<\/h1>\n\n\n\n<p>Eine alternative und landschaftlich reizvolle M\u00f6glichkeit, Dubrovnik zu erreichen, ist die Fahrt mit der F\u00e4hre. Diese Reise ist besonders reizvoll, wenn Sie von nahe gelegenen K\u00fcstenst\u00e4dten oder Inseln anreisen. Die F\u00e4hre bietet eine<strong> einzigartige Gelegenheit, die atemberaubende Adriak\u00fcste zu erleben,<\/strong> die Ihre Reise in ein malerisches Abenteuer verwandeln. Verschiedene Anbieter bieten diesen Service an und sorgen f\u00fcr eine bequeme und angenehme Reise.<\/p>\n\n\n\n<p>Sobald Sie in Dubrovnik anlegen, k\u00f6nnen wir Sie am F\u00e4hrterminal abholen und Sie direkt zu Ihrer Unterkunft begleiten.&nbsp;<\/p>\n\n\n\n<p>Dieser \u00dcbergang von der ruhigen Seereise zum lebhaften Ambiente Dubrovniks ist die perfekte Einstimmung auf ein aufregendes Junggesellenwochenende.<\/p>\n\n\n\n<h1 class=\"wp-block-heading\">Anreise mit dem Bus nach Dubrovnik<\/h1>\n\n\n\n<p>F\u00fcr diejenigen, die den Landweg bevorzugen, sind Busse eine praktische Option. Dubrovnik ist durch regelm\u00e4\u00dfige Busverbindungen von gr\u00f6\u00dferen St\u00e4dten wie Zagreb und Split aus gut angebunden. Die Busfahrt erm\u00f6glicht es Ihnen, die malerischen Landschaften Kroatiens zu genie\u00dfen und ist <strong>eine wirtschaftliche Wahl f\u00fcr Gruppen<\/strong>.<\/p>\n\n\n\n<figure class=\"wp-block-image size-large\"><img decoding=\"async\" src=\"https:\/\/dubrovnikstagdo.com\/wp-content\/uploads\/dubrovnik-at-night-1024x683.webp\" alt=\"Festung Lovrijenac in Dubrovnik nach Sonnenuntergang\" class=\"wp-image-1234\"\/><figcaption class=\"wp-element-caption\">Die Stadt Dubrovnik bei Sonnenuntergang.<\/figcaption><\/figure>\n\n\n\n<p>Bei Ihrer Ankunft am Busbahnhof von Dubrovnik k\u00f6nnen wir einen Abholservice organisieren und Sie zu Ihrer Unterkunft bringen, um eine reibungslose Fortsetzung Ihrer Reise zu gew\u00e4hrleisten.<\/p>\n\n\n\n<h1 class=\"wp-block-heading\">Dubrovnik navigieren<\/h1>\n\n\n\n<p>Einmal in Dubrovnik angekommen, ist die Fortbewegung in der Stadt sehr einfach. Sie k\u00f6nnen ein Auto mieten, ein Taxi nehmen oder das \u00f6ffentliche Bussystem nutzen. F\u00fcr ein stressfreies Erlebnis sollten Sie unseren Transferservice in Anspruch nehmen. Auf diese Weise k\u00f6nnen Sie sich den Stress ersparen, sich in einer neuen Stadt zurechtzufinden und sich darauf konzentrieren, Ihren Junggesellenabschied in vollen Z\u00fcgen zu genie\u00dfen.<\/p>\n\n\n\n<p>Abschlie\u00dfend l\u00e4sst sich sagen, dass Dubrovnik einfach zu erreichen ist, mit verschiedenen Reiseoptionen, die Ihren Vorlieben und Ihrem Budget entsprechen. Egal, ob Sie mit dem Flugzeug, zu Wasser oder auf dem Landweg ankommen, Sie werden in eine Welt des historischen Charmes und der lebhaften Feiern eintauchen und ein unvergessliches Junggesellenwochenende beginnen.<\/p>","protected":false},"excerpt":{"rendered":"<p>Dubrovnik ist mit seinem atemberaubenden K\u00fcstenpanorama, der historischen Altstadt und der lebhaften Atmosph\u00e4re ein beliebtes Reiseziel. Egal, ob Sie einen erholsamen R\u00fcckzugsort oder ein actionreiches Junggesellenwochenende suchen, die Anreise nach Dubrovnik ist einfach und bequem. In diesem Reisef\u00fchrer stellen wir Ihnen die verschiedenen M\u00f6glichkeiten vor, wie Sie dieses herrliche mediterrane Juwel erreichen k\u00f6nnen. Fliegen nach Dubrovnik Die meisten ... <a href=\"https:\/\/dubrovnikstagdo.com\/de\/how-to-get-to-dubrovnik\/\">Fortsetzung<\/a><\/p>","protected":false},"author":38,"featured_media":801,"parent":0,"menu_order":0,"comment_status":"closed","ping_status":"closed","template":"","meta":{"_acf_changed":false,"footnotes":""},"class_list":["post-614","page","type-page","status-publish","has-post-thumbnail","hentry"],"acf":{"page_subheading":"Discover the Best Routes to the Stunning Seaside City of Dubrovnik for Your Stag Do. Explore flying into Dubrovnik or taking a ferry ride for an unforgettable trip."},"_links":{"self":[{"href":"https:\/\/dubrovnikstagdo.com\/de\/wp-json\/wp\/v2\/pages\/614","targetHints":{"allow":["GET"]}}],"collection":[{"href":"https:\/\/dubrovnikstagdo.com\/de\/wp-json\/wp\/v2\/pages"}],"about":[{"href":"https:\/\/dubrovnikstagdo.com\/de\/wp-json\/wp\/v2\/types\/page"}],"author":[{"embeddable":true,"href":"https:\/\/dubrovnikstagdo.com\/de\/wp-json\/wp\/v2\/users\/38"}],"replies":[{"embeddable":true,"href":"https:\/\/dubrovnikstagdo.com\/de\/wp-json\/wp\/v2\/comments?post=614"}],"version-history":[{"count":11,"href":"https:\/\/dubrovnikstagdo.com\/de\/wp-json\/wp\/v2\/pages\/614\/revisions"}],"predecessor-version":[{"id":1237,"href":"https:\/\/dubrovnikstagdo.com\/de\/wp-json\/wp\/v2\/pages\/614\/revisions\/1237"}],"wp:featuredmedia":[{"embeddable":true,"href":"https:\/\/dubrovnikstagdo.com\/de\/wp-json\/wp\/v2\/media\/801"}],"wp:attachment":[{"href":"https:\/\/dubrovnikstagdo.com\/de\/wp-json\/wp\/v2\/media?parent=614"}],"curies":[{"name":"wp","href":"https:\/\/api.w.org\/{rel}","templated":true}]}}