{"id":39,"date":"2023-01-16T13:14:25","date_gmt":"2023-01-16T13:14:25","guid":{"rendered":"https:\/\/dubrovnikstagdo.com\/about-us\/"},"modified":"2026-02-24T08:35:04","modified_gmt":"2026-02-24T08:35:04","slug":"uber-uns","status":"publish","type":"page","link":"https:\/\/dubrovnikstagdo.com\/de\/about-us\/","title":{"rendered":"\u00dcber uns"},"content":{"rendered":"<p>Wir von Dubrovnik Stag Do sind darauf spezialisiert, Ihr Junggesellenwochenende zu einer unvergesslichen Reise zu machen. Wir wissen, dass die Planung eines Junggesellenabschieds entmutigend sein kann, aber mit unserer Expertise und unserem Engagement sind Sie in den besten H\u00e4nden.<\/p>\n\n\n\n<h2 class=\"wp-block-heading\">Unser Versprechen f\u00fcr herausragenden Service<\/h2>\n\n\n\n<p>Unser Ziel ist es, Ihnen einen au\u00dfergew\u00f6hnlichen Service und eine einwandfreie Durchf\u00fchrung Ihres Junggesellenabschieds zu bieten. Wir arbeiten eng mit Ihnen zusammen, um einen ma\u00dfgeschneiderten Reiseplan zu erstellen, der die einzigartigen Vorlieben und Interessen Ihrer Gruppe widerspiegelt.<\/p>\n\n\n\n<p>Dank unserer umfassenden Kenntnis von Dubrovnik k\u00f6nnen wir Sie vor den \u00fcblichen Fallstricken bewahren und Ihre Erfahrungen in der Stadt verbessern. Von der Auswahl erstklassiger Unterk\u00fcnfte in der N\u00e4he von Dubrovniks Top-Sehensw\u00fcrdigkeiten bis hin zur Sicherstellung, dass die von Ihnen gew\u00e4hlten Aktivit\u00e4ten sowohl aufregend als auch sicher sind, k\u00fcmmern wir uns um jedes Detail mit Pr\u00e4zision.<\/p>\n\n\n\n<figure class=\"wp-block-image size-large\"><img decoding=\"async\" src=\"https:\/\/dubrovnikstagdo.com\/wp-content\/uploads\/dubrovnik-1024x683.webp\" alt=\"Dubrovnik\" class=\"wp-image-1229\"\/><figcaption class=\"wp-element-caption\">Altstadt Dubrovnik<\/figcaption><\/figure>\n\n\n\n<p>Unser oberstes Ziel ist es, Ihnen und Ihren Freunden ein unvergessliches Wochenende zu bereiten.<\/p>\n\n\n\n<h2 class=\"wp-block-heading\">Unser Wissen \u00fcber die Planung von Junggesellenabschieden<\/h2>\n\n\n\n<p>Dubrovnik Stag Do hat sich den Ruf erworben, unvergessliche Junggesellenwochenenden zu organisieren. Wir wissen, was eine Junggesellenfeier au\u00dfergew\u00f6hnlich macht und bringen die gleiche Energie und Aufregung nach Dubrovnik.<\/p>\n\n\n\n<p>Unsere flexiblen Buchungsl\u00f6sungen machen die Organisation Ihrer Junggesellenreise stressfrei, so dass Sie sich auf das Abenteuer konzentrieren k\u00f6nnen. Als finanziell abgesichertes Unternehmen k\u00f6nnen Sie sich darauf verlassen, dass Ihre Investitionen bei uns sicher sind.<\/p>\n\n\n\n<p>Wir sind stolz darauf, erstklassigen Service zu wettbewerbsf\u00e4higen Preisen zu bieten und enge Beziehungen zu unseren lokalen Partnern zu unterhalten. Diese Partner bieten ein vielf\u00e4ltiges Angebot an Erlebnissen, von der Erkundung der historischen St\u00e4tten Dubrovniks bis zum Eintauchen in das dynamische Nachtleben.<\/p>\n\n\n\n<h2 class=\"wp-block-heading\">Unser aufmerksamer Ansatz<\/h2>\n\n\n\n<p>Wir sind uns bewusst, dass jede Gruppe von Freunden einzigartig ist, deshalb passen wir Ihr Dubrovnik-Wochenende an Ihren Stil an. Indem wir uns Ihre W\u00fcnsche und Anforderungen anh\u00f6ren, schaffen wir ein einzigartiges Erlebnis, das auf Ihre Gruppe abgestimmt ist.<\/p>\n\n\n\n<p>Unser engagiertes Team k\u00fcmmert sich um die gesamte Planung und Logistik und sorgt f\u00fcr einen reibungslosen Ablauf ohne versteckte Kosten.<\/p>\n\n\n\n<p>Mit unserer st\u00e4ndigen Unterst\u00fctzung werden alle Fragen und Probleme, die Sie w\u00e4hrend Ihres Aufenthalts in Dubrovnik haben, umgehend gekl\u00e4rt. Wir versorgen Sie mit allen notwendigen Informationen, damit Sie sich voll und ganz auf den lebendigen Geist dieser bezaubernden Stadt einlassen k\u00f6nnen.<\/p>\n\n\n\n<h2 class=\"wp-block-heading\">Planen Sie den ultimativen Junggesellenabschied mit uns!<\/h2>\n\n\n\n<p>Nutzen Sie unser umfassendes Fachwissen und unsere lokalen Kenntnisse, um h\u00e4ufige Fehler zu vermeiden und Zeit und Geld zu sparen.<\/p>\n\n\n\n<figure class=\"wp-block-image size-large\"><img decoding=\"async\" src=\"https:\/\/dubrovnikstagdo.com\/wp-content\/uploads\/dubrovnik-1-1024x683.webp\" alt=\"Instrument\" class=\"wp-image-1230\"\/><figcaption class=\"wp-element-caption\">Ein Mann spielt ein Instrument<\/figcaption><\/figure>\n\n\n\n<p>Lassen Sie uns dabei helfen, die ultimative Feier f\u00fcr die letzten Tage des Junggesellenlebens zu arrangieren. Kontaktieren Sie uns noch heute, um mit der Planung eines unvergesslichen Wochenendes in Dubrovnik zu beginnen.<\/p>\n\n\n\n<p>Wenn Sie an anderen Reisezielen f\u00fcr Junggesellenabschiede interessiert sind, sehen Sie sich unsere Liste unten an:<\/p>\n\n\n\n<ul class=\"wp-block-list\">\n<li><a href=\"https:\/\/amsterdam-stag-do.com\/\">Amsterdam Junggesellenabschied<\/a><\/li>\n\n\n\n<li><a href=\"https:\/\/berlin-stag-do.com\/\">Berlin Junggesellenabschied<\/a><\/li>\n\n\n\n<li><a href=\"https:\/\/hamburgstagdo.com\/\">Hamburger Junggesellenabschied<\/a><\/li>\n\n\n\n<li><a href=\"https:\/\/hvarstagdo.com\/\">Hvar Junggesellenabschied<\/a><\/li>\n\n\n\n<li><a href=\"https:\/\/lisbonstagdo.com\/\">Lissabon Junggesellenabschied<\/a><\/li>\n\n\n\n<li><a href=\"https:\/\/munichstagdo.com\/\">M\u00fcnchener Junggesellenabschied<\/a><\/li>\n\n\n\n<li><a href=\"https:\/\/prague-stag-do.com\/\">Prag Junggesellenabschied<\/a><\/li>\n\n\n\n<li><a href=\"https:\/\/riga-stag-do.com\/\">Rigaer Junggesellenabschied<\/a><\/li>\n\n\n\n<li><a href=\"https:\/\/stagpartyljubljana.com\/\">Junggesellenabschied Ljubljana<\/a><\/li>\n\n\n\n<li><a href=\"https:\/\/ibizastagdo.com\">Ibiza Junggesellenabschied<\/a><\/li>\n\n\n\n<li><a href=\"https:\/\/benidorm-stag-do.com\/\">Benidorm Junggesellenabschied<\/a><\/li>\n\n\n\n<li><a href=\"https:\/\/budapest-stag-do.com\/\">Budapest Junggesellenabschied<\/a><\/li>\n\n\n\n<li><a href=\"https:\/\/stagdovegas.com\/\">Junggesellenabschied Vegas<\/a><\/li>\n\n\n\n<li><a href=\"https:\/\/stagdobarcelona.com\/\">Junggesellenabschied Barcelona<\/a><\/li>\n\n\n\n<li><a href=\"https:\/\/stagdozagreb.com\/\">Junggesellenabschied Zagreb<\/a><\/li>\n\n\n\n<li><a href=\"https:\/\/splitstagdo.com\/\">Split Junggesellenabschied<\/a><\/li>\n\n\n\n<li><a href=\"https:\/\/madridstagdo.com\/\">Madrid Junggesellenabschied<\/a><\/li>\n\n\n\n<li><a href=\"https:\/\/bucharest-stag-do.com\/\">Bukarest Junggesellenabschied<\/a><\/li>\n\n\n\n<li><a href=\"https:\/\/albufeirastagdo.com\/\">Albufeira Junggesellenabschied<\/a><\/li>\n\n\n\n<li><a href=\"https:\/\/dublinstagdo.com\/\">Dublin Junggesellenabschied<\/a><\/li>\n\n\n\n<li><a href=\"https:\/\/stagdokrakow.com\/\">Krakau Junggesellenabschied<\/a><\/li>\n<\/ul>","protected":false},"excerpt":{"rendered":"<p>Wir von Dubrovnik Stag Do sind darauf spezialisiert, Ihr Junggesellenwochenende zu einer unvergesslichen Reise zu machen. Wir wissen, dass die Planung eines Junggesellenabschieds entmutigend sein kann, aber mit unserer Erfahrung und unserem Engagement sind Sie in den besten H\u00e4nden. Unser Versprechen von hervorragendem Service Unser Ziel ist es, Ihnen einen au\u00dfergew\u00f6hnlichen Service und eine einwandfreie Ausf\u00fchrung f\u00fcr Ihr Junggesellenabschiedswochenende zu bieten. Wir ... <a href=\"https:\/\/dubrovnikstagdo.com\/de\/about-us\/\">Fortsetzung<\/a><\/p>","protected":false},"author":38,"featured_media":943,"parent":0,"menu_order":0,"comment_status":"closed","ping_status":"closed","template":"","meta":{"_acf_changed":false,"footnotes":""},"class_list":["post-39","page","type-page","status-publish","has-post-thumbnail","hentry"],"acf":{"page_subheading":"Meet the team behind Dubrovnik Stag Do. Experts in crafting unforgettable stag weekends with a personalized touch."},"_links":{"self":[{"href":"https:\/\/dubrovnikstagdo.com\/de\/wp-json\/wp\/v2\/pages\/39","targetHints":{"allow":["GET"]}}],"collection":[{"href":"https:\/\/dubrovnikstagdo.com\/de\/wp-json\/wp\/v2\/pages"}],"about":[{"href":"https:\/\/dubrovnikstagdo.com\/de\/wp-json\/wp\/v2\/types\/page"}],"author":[{"embeddable":true,"href":"https:\/\/dubrovnikstagdo.com\/de\/wp-json\/wp\/v2\/users\/38"}],"replies":[{"embeddable":true,"href":"https:\/\/dubrovnikstagdo.com\/de\/wp-json\/wp\/v2\/comments?post=39"}],"version-history":[{"count":11,"href":"https:\/\/dubrovnikstagdo.com\/de\/wp-json\/wp\/v2\/pages\/39\/revisions"}],"predecessor-version":[{"id":6342,"href":"https:\/\/dubrovnikstagdo.com\/de\/wp-json\/wp\/v2\/pages\/39\/revisions\/6342"}],"wp:featuredmedia":[{"embeddable":true,"href":"https:\/\/dubrovnikstagdo.com\/de\/wp-json\/wp\/v2\/media\/943"}],"wp:attachment":[{"href":"https:\/\/dubrovnikstagdo.com\/de\/wp-json\/wp\/v2\/media?parent=39"}],"curies":[{"name":"wp","href":"https:\/\/api.w.org\/{rel}","templated":true}]}}